{"id":4376,"date":"2016-01-27T14:26:11","date_gmt":"2016-01-27T13:26:11","guid":{"rendered":"http:\/\/www.tvbolligen.ch\/site\/?page_id=4376"},"modified":"2025-10-27T17:12:57","modified_gmt":"2025-10-27T15:12:57","slug":"trainings","status":"publish","type":"page","link":"https:\/\/www.tvbolligen.ch\/site\/trainings\/","title":{"rendered":"Trainings LA"},"content":{"rendered":"<p>[et_pb_section fb_built=&#8220;1&#8243; inner_shadow=&#8220;on&#8220; fullwidth=&#8220;on&#8220; custom_padding_last_edited=&#8220;on|desktop&#8220; admin_label=&#8220;section&#8220; _builder_version=&#8220;4.16&#8243; background_color=&#8220;#2338db&#8220; custom_padding_tablet=&#8220;50px|0|50px|0&#8243; custom_padding_phone=&#8220;&#8220; transparent_background=&#8220;off&#8220; padding_mobile=&#8220;off&#8220; make_fullwidth=&#8220;off&#8220; use_custom_width=&#8220;off&#8220; width_unit=&#8220;on&#8220; global_colors_info=&#8220;{}&#8220;][et_pb_fullwidth_header title=&#8220;Training&#8220; subhead=&#8220;Gruppen, Zeiten und Leiter&#8220; content_max_width=&#8220;none&#8220; admin_label=&#8220;Vollbreite Kopfzeile&#8220; _builder_version=&#8220;4.16&#8243; background_color=&#8220;rgba(255, 255, 255, 0)&#8220; button_one_border_radius_hover=&#8220;3&#8243; button_two_border_radius_hover=&#8220;3&#8243; button_one_letter_spacing_hover=&#8220;0&#8243; button_two_letter_spacing_hover=&#8220;0&#8243; global_colors_info=&#8220;{}&#8220; button_one_text_size__hover_enabled=&#8220;off&#8220; button_two_text_size__hover_enabled=&#8220;off&#8220; button_one_text_color__hover_enabled=&#8220;off&#8220; button_two_text_color__hover_enabled=&#8220;off&#8220; button_one_border_width__hover_enabled=&#8220;off&#8220; button_two_border_width__hover_enabled=&#8220;off&#8220; button_one_border_color__hover_enabled=&#8220;off&#8220; button_two_border_color__hover_enabled=&#8220;off&#8220; button_one_border_radius__hover_enabled=&#8220;on&#8220; button_one_border_radius__hover=&#8220;3&#8243; button_two_border_radius__hover_enabled=&#8220;on&#8220; button_two_border_radius__hover=&#8220;3&#8243; button_one_letter_spacing__hover_enabled=&#8220;on&#8220; button_one_letter_spacing__hover=&#8220;0&#8243; button_two_letter_spacing__hover_enabled=&#8220;on&#8220; button_two_letter_spacing__hover=&#8220;0&#8243; button_one_bg_color__hover_enabled=&#8220;off&#8220; button_two_bg_color__hover_enabled=&#8220;off&#8220;] [\/et_pb_fullwidth_header][\/et_pb_section][et_pb_section fb_built=&#8220;1&#8243; specialty=&#8220;on&#8220; admin_label=&#8220;Sektion&#8220; _builder_version=&#8220;4.16&#8243; global_colors_info=&#8220;{}&#8220;][et_pb_column type=&#8220;3_4&#8243; specialty_columns=&#8220;3&#8243; _builder_version=&#8220;4.16&#8243; custom_padding=&#8220;|||&#8220; global_colors_info=&#8220;{}&#8220; custom_padding__hover=&#8220;|||&#8220;][et_pb_row_inner admin_label=&#8220;Zeile&#8220; _builder_version=&#8220;4.16&#8243; global_colors_info=&#8220;{}&#8220;][et_pb_column_inner saved_specialty_column_type=&#8220;3_4&#8243; _builder_version=&#8220;4.16&#8243; custom_padding=&#8220;|||&#8220; global_colors_info=&#8220;{}&#8220; custom_padding__hover=&#8220;|||&#8220;][et_pb_text _builder_version=&#8220;4.27.4&#8243; _module_preset=&#8220;default&#8220; global_colors_info=&#8220;{}&#8220;]<\/p>\n<h3><strong>Trainingsangebot<\/strong><\/h3>\n<p>Das Basistraining der Leichtathletikgruppe findet in altersgetrennten Gruppen jeweils dienstags statt. Aktuell unterscheiden wir folgende Gruppen:<\/p>\n<ul>\n<li>LA Starters (U10, Jg. 2017 und j\u00fcnger)<\/li>\n<li>LA-Gruppe 1 (U12, Jg. 2015\/2016)<\/li>\n<li>LA-Gruppe 2 (U14\/U16, Jg. 2011 &#8211; 2014)<\/li>\n<li>LA-Gruppe 3 (U18+, Jg. 2010 und \u00e4lter)<\/li>\n<\/ul>\n<p>Erg\u00e4nzend werden je nach Jahrgang und Ambition Zusatztrainings angeboten (Wettkampf- resp. F\u00f6rdergruppe).<\/p>\n<p>Nachfolgend die Details.<\/p>\n<p>[\/et_pb_text][et_pb_blurb use_icon=&#8220;on&#8220; font_icon=&#8220;&#x5c;||divi||400&#8243; icon_placement=&#8220;left&#8220; admin_label=&#8220;LA Starters&#8220; _builder_version=&#8220;4.27.4&#8243; background_size=&#8220;initial&#8220; background_position=&#8220;top_left&#8220; background_repeat=&#8220;repeat&#8220; use_border_color=&#8220;off&#8220; border_color=&#8220;#ffffff&#8220; border_style=&#8220;solid&#8220; global_colors_info=&#8220;{}&#8220;]<\/p>\n<h3><b>LA Starters &#8211; U10<\/b> (Jahrg\u00e4nge 2017 und j\u00fcnger)<\/h3>\n<p><strong>Basistraining:<\/strong><\/p>\n<p>Zeit: Dienstag, 17.30 &#8211; 19.00 Uhr<br \/>Ort: Schulhaus Eisengasse (Sommer und Winter)<br \/>Leiter:innen: Roberto Longoni (Hauptleiter LA Starters), Mario Pfund, Sabina Wyss, Cornelia Schmid, Eline H\u00e4fliger, Elin Hofer und Sophia Klostermann<\/p>\n<p><strong>Hinweis:<\/strong>&nbsp;Aus Qualit\u00e4tsgr\u00fcnden nehmen wir max. 28 Athletinnen und Athleten in der LA-Gruppe Starters auf. Bei Bedarf f\u00fchren wir eine Warteliste. Erkundigen Sie sich vor Ihrem ersten Trainingsbesuch bei&nbsp; <a href=\"mailto:leichtathletik@tvbolligen.ch\">leichtathletik@tvbolligen.ch<\/a>.<\/p>\n<p><strong>Zusatztraining f\u00fcr 2017er-Kids<\/strong>, die sich f\u00fcr einen Kantonalfinal eines Nachwuchsprojekts qualifizieren konnten):<\/p>\n<p>Zeit: Freitag, 18.30 &#8211; 20.00 Uhr (Sommer und Winter)<br \/>Ort: Sportplatz Lutertal \/ obere und untere Turnhalle (Sommer und Winter)<br \/>Leiter:innen: Christoph Stadelmann (Hauptleiter), Marc Stadelmann, Roberto Longoni, Timur Gut.<\/p>\n<p>Das Freitagstraining gilt als Erg\u00e4nzung zum Training am Dienstag; damit ist der Besuch des Dienstagstrainings grunds\u00e4tzlich Voraussetzung f\u00fcr den Besuch des Freitagstrainings (Ausnahmen nach Absprache mit den Leitenden). Voraussetzung ist zudem die Teilnahme an je mindestens 2 Wettk\u00e4mpfen im Sommer- und im Winterhalbjahr. Die Teilnahme muss mit den Trainern abgesprochen werden.<\/p>\n<p>[\/et_pb_blurb][et_pb_blurb use_icon=&#8220;on&#8220; font_icon=&#8220;&#x5c;||divi||400&#8243; icon_placement=&#8220;left&#8220; admin_label=&#8220;LA 1&#8243; _builder_version=&#8220;4.27.4&#8243; background_size=&#8220;initial&#8220; background_position=&#8220;top_left&#8220; background_repeat=&#8220;repeat&#8220; use_border_color=&#8220;off&#8220; border_color=&#8220;#ffffff&#8220; border_style=&#8220;solid&#8220; global_colors_info=&#8220;{}&#8220;]<\/p>\n<h3 class=\"bodytext\"><b>LA 1 \u2013 U12<\/b> (Jahrg\u00e4nge 2015 und 2016)<\/h3>\n<p class=\"bodytext\"><strong>Basis-Training:<\/strong><\/p>\n<p class=\"bodytext\">Zeit: Dienstag, 17.30 &#8211; 19.00 Uhr<br \/>Ort: Turnhalle und Sportplatz Schulhaus Eisengasse&nbsp;<br \/>Leiter:innen: Roberto Longoni (Hauptleiter LA-Gruppe 1), Mario Pfund, Sabina Wyss, Cornelia Schmid, Eline H\u00e4fliger, Elin Hofer und Sophia Klostermann.<\/p>\n<p><strong>Hinweis:<\/strong> Aus Qualit\u00e4tsgr\u00fcnden nehmen wir max. 28 Athletinnen und Athleten in der LA-Gruppe 1 auf. Bei Bedarf f\u00fchren wir eine Warteliste. Erkundigen Sie sich vor Ihrem ersten Trainingsbesuch bei&nbsp; <a href=\"mailto:leichtathletik@tvbolligen.ch\">leichtathletik@tvbolligen.ch<\/a>.<\/p>\n<p class=\"bodytext\"><strong>Zusatztraining f\u00fcr Wettkampfathlet:innen:<\/strong><\/p>\n<p class=\"bodytext\">Zeit: Freitag, 18.30 &#8211; 20.00 Uhr (Sommer und Winter)<br \/>Ort: Sportplatz Lutertal \/ obere und untere Turnhalle (Sommer und Winter)<br \/>Leiter:innen:&nbsp;Christoph Stadelmann (Hauptleiter), Marc Stadelmann, Roberto Longoni, Timur Gut.<\/p>\n<p class=\"bodytext\">Das Freitagstraining gilt als Erg\u00e4nzung zum Training am Dienstag; damit ist der Besuch des Dienstagstrainings grunds\u00e4tzlich Voraussetzung f\u00fcr den Besuch des Freitagstrainings (Ausnahmen nach Absprache mit den Leitenden). Voraussetzung ist zudem die Teilnahme an je mindestens 2 Wettk\u00e4mpfen im Sommer- und im Winterhalbjahr. Die Teilnahme muss mit den Trainern abgesprochen werden.<\/p>\n<p><strong>F\u00f6rdertrainings f\u00fcr Wettkampfathlet:innen mit Jg. 2014 und \u00e4lter (2015, falls Kantonalfinal eines Nachwuchsprojektes erreicht) mit Swiss Athletics (Kids-)Lizenz \u2013 Kids, welche ihren Schwerpunkt in der LA setzen wollen:<\/strong><\/p>\n<p>Zeit: Montag, 18.30 &#8211; 20.00 Uhr (Sommer und Winter)<br \/>Ort: Sportplatz Lutertal \/ obere und untere Turnhalle (Sommer und Winter)<br \/>Leiter: Christoph Stadelmann (Hauptleiter F\u00f6rdergruppe) und Marc Stadelmann<\/p>\n<p class=\"bodytext\">Das&nbsp; F\u00f6rdertrainings gilt \u2013 wie das Freitagstraining \u2013 als Erg\u00e4nzung zum Training am Dienstag; damit ist der Besuch des Dienstagstrainings grunds\u00e4tzlich Voraussetzung f\u00fcr den Besuch des F\u00f6rdertrainings. Voraussetzung ist zudem die Teilnahme an je mindestens 2 Wettk\u00e4mpfen im Sommer- und im Winterhalbjahr sowie f\u00fcr die F\u00f6rdertrainings das Vorhandensein einer Swiss Athletics (Kids-)Lizenz. Die Teilnahme muss mit den Trainern abgesprochen werden.<\/p>\n<p>[\/et_pb_blurb][et_pb_blurb use_icon=&#8220;on&#8220; font_icon=&#8220;&#x5c;||divi||400&#8243; icon_placement=&#8220;left&#8220; admin_label=&#8220;LA 2&#8243; _builder_version=&#8220;4.27.4&#8243; background_size=&#8220;initial&#8220; background_position=&#8220;top_left&#8220; background_repeat=&#8220;repeat&#8220; use_border_color=&#8220;off&#8220; border_color=&#8220;#ffffff&#8220; border_style=&#8220;solid&#8220; global_colors_info=&#8220;{}&#8220;]<\/p>\n<h3 class=\"bodytext\"><b>LA 2 \u2013 U14 \/ U16<\/b> (Jahrg\u00e4nge 2011 \u2013 2014)<\/h3>\n<p class=\"bodytext\"><strong>Basis-Training:<\/strong><\/p>\n<p class=\"bodytext\">Zeit: Dienstag, 18:30 \u2013 20:00 (Sommer und Winter)<br \/>Ort: Sportplatz Lutertal (obere und untere Sporthalle)<br \/>Leiter:innen:&nbsp; Marc Stadelmann (Hauptleiter), Lia Bohnenblust, Lena Janggen, Timur Gut, Christoph Stadelmann<\/p>\n<p><strong>Hinweis:<\/strong> Aus Qualit\u00e4tsgr\u00fcnden nehmen wir jeweils max. 28 Athlet:innen bei den U14 resp. U16 auf. Bei Bedarf f\u00fchren wir eine Warteliste. Erkundigen Sie sich vor Ihrem ersten Trainingsbesuch bei&nbsp; <a href=\"mailto:leichtathletik@tvbolligen.ch\">leichtathletik@tvbolligen.ch<\/a>.<\/p>\n<p class=\"bodytext\"><strong>Zusatztraining f\u00fcr Wettkampfathlet:innen:<\/strong><\/p>\n<p class=\"bodytext\">Zeit: Freitag, 18.30 &#8211; 20.00 Uhr (Sommer und Winter)<br \/>Ort: Sportplatz Lutertal \/ obere und untere Turnhalle (Sommer und Winter)<br \/>Leiter:innen:&nbsp;Christoph Stadelmann (Hauptleiter), Marc Stadelmann, Roberto Longoni, Timur Gut.<\/p>\n<p>Das Freitagstraining gilt als Erg\u00e4nzung zum Training am Dienstag; damit ist der Besuch des Dienstagstrainings grunds\u00e4tzlich Voraussetzung f\u00fcr den Besuch des Freitagstrainings (Ausnahmen nach Absprache mit den Leitenden). Voraussetzung ist zudem die Teilnahme an je mindestens 2 Wettk\u00e4mpfen im Sommer- und im Winterhalbjahr. Die Teilnahme muss mit den Trainern abgesprochen werden.<\/p>\n<p><strong>F\u00f6rdertrainings f\u00fcr Wettkampfathlet:innen mit Swiss Athletics (Kids-)Lizenz &#8211; Kids, welche ihren Schwerpunkt in der LA setzen wollen:<\/strong><\/p>\n<p>Zeit: Montag, 18.30 &#8211; 20.00 Uhr (Sommer und Winter)<br \/>Ort: Sportplatz Lutertal \/ obere und untere Turnhalle (Sommer und Winter)<br \/>Leiter: Christoph Stadelmann (Hauptleiter F\u00f6rdergruppe) und Marc Stadelmann<\/p>\n<p class=\"bodytext\">Das&nbsp; F\u00f6rdertrainings gilt &#8211; wie das Freitagstraining &#8211; als Erg\u00e4nzung zum Training am Dienstag; damit ist der Besuch des Dienstagstrainings grunds\u00e4tzlich Voraussetzung f\u00fcr den Besuch des F\u00f6rdertrainings. Voraussetzung ist zudem die Teilnahme an je mindestens 2 Wettk\u00e4mpfen im Sommer- und im Winterhalbjahr sowie f\u00fcr die F\u00f6rdertrainings das Vorhandensein einer Swiss Athletics (Kids-)Lizenz. Die Teilnahme muss mit den Trainern abgesprochen werden.<\/p>\n<p>[\/et_pb_blurb][et_pb_blurb use_icon=&#8220;on&#8220; font_icon=&#8220;&#x5c;||divi||400&#8243; icon_placement=&#8220;left&#8220; admin_label=&#8220;LA 3&#8243; _builder_version=&#8220;4.27.4&#8243; background_size=&#8220;initial&#8220; background_position=&#8220;top_left&#8220; background_repeat=&#8220;repeat&#8220; use_border_color=&#8220;off&#8220; border_color=&#8220;#ffffff&#8220; border_style=&#8220;solid&#8220; global_colors_info=&#8220;{}&#8220;]<\/p>\n<h3 class=\"bodytext\"><b>LA 3 \u2013 U18 <\/b>(Jahrg\u00e4nge 201 und \u00e4lter)<\/h3>\n<p class=\"bodytext\">Zeit: Freitag, 20:00 &#8211; 21:30 Uhr (zusammen mit der Aktivriege des TV Bolligen)<br \/>Ort: Schulhaus Lutertal (untere Sporthalle)<br \/>Leiter: Markus Joho und weitere<\/p>\n<p>[\/et_pb_blurb][\/et_pb_column_inner][\/et_pb_row_inner][\/et_pb_column][et_pb_column type=&#8220;1_4&#8243; _builder_version=&#8220;4.16&#8243; custom_padding=&#8220;|||&#8220; global_colors_info=&#8220;{}&#8220; custom_padding__hover=&#8220;|||&#8220;][et_pb_sidebar area=&#8220;et_pb_widget_area_4&#8243; admin_label=&#8220;Sidebar&#8220; _builder_version=&#8220;4.16&#8243; remove_border=&#8220;off&#8220; global_colors_info=&#8220;{}&#8220;] [\/et_pb_sidebar][\/et_pb_column][\/et_pb_section][et_pb_section fb_built=&#8220;1&#8243; custom_padding_last_edited=&#8220;on|desktop&#8220; admin_label=&#8220;section&#8220; _builder_version=&#8220;4.16&#8243; background_color=&#8220;#dd3333&#8243; custom_padding_tablet=&#8220;50px|0|50px|0&#8243; custom_padding_phone=&#8220;&#8220; transparent_background=&#8220;off&#8220; padding_mobile=&#8220;off&#8220; make_fullwidth=&#8220;off&#8220; use_custom_width=&#8220;off&#8220; width_unit=&#8220;on&#8220; global_colors_info=&#8220;{}&#8220;][et_pb_row admin_label=&#8220;row&#8220; _builder_version=&#8220;4.16&#8243; background_size=&#8220;initial&#8220; background_position=&#8220;top_left&#8220; background_repeat=&#8220;repeat&#8220; global_colors_info=&#8220;{}&#8220;][et_pb_column type=&#8220;4_4&#8243; _builder_version=&#8220;4.16&#8243; custom_padding=&#8220;|||&#8220; global_colors_info=&#8220;{}&#8220; custom_padding__hover=&#8220;|||&#8220;][et_pb_cta title=&#8220;Bist du auf der Suche nach etwas Aktivit\u00e4t?&#8220; button_url=&#8220;mailto:info@tvbolligen.ch&#8220; button_text=&#8220;Kontaktiere uns&#8220; admin_label=&#8220;Handlungsaufruf&#8220; _builder_version=&#8220;4.16&#8243; background_color=&#8220;none&#8220; background_size=&#8220;initial&#8220; background_position=&#8220;top_left&#8220; background_repeat=&#8220;repeat&#8220; use_border_color=&#8220;off&#8220; border_color=&#8220;#ffffff&#8220; border_style=&#8220;solid&#8220; button_border_radius_hover=&#8220;3&#8243; button_letter_spacing_hover=&#8220;0&#8243; global_colors_info=&#8220;{}&#8220; button_text_size__hover_enabled=&#8220;off&#8220; button_one_text_size__hover_enabled=&#8220;off&#8220; button_two_text_size__hover_enabled=&#8220;off&#8220; button_text_color__hover_enabled=&#8220;off&#8220; button_one_text_color__hover_enabled=&#8220;off&#8220; button_two_text_color__hover_enabled=&#8220;off&#8220; button_border_width__hover_enabled=&#8220;off&#8220; button_one_border_width__hover_enabled=&#8220;off&#8220; button_two_border_width__hover_enabled=&#8220;off&#8220; button_border_color__hover_enabled=&#8220;off&#8220; button_one_border_color__hover_enabled=&#8220;off&#8220; button_two_border_color__hover_enabled=&#8220;off&#8220; button_border_radius__hover_enabled=&#8220;on&#8220; button_border_radius__hover=&#8220;3&#8243; button_one_border_radius__hover_enabled=&#8220;off&#8220; button_two_border_radius__hover_enabled=&#8220;off&#8220; button_letter_spacing__hover_enabled=&#8220;on&#8220; button_letter_spacing__hover=&#8220;0&#8243; button_one_letter_spacing__hover_enabled=&#8220;off&#8220; button_two_letter_spacing__hover_enabled=&#8220;off&#8220; button_bg_color__hover_enabled=&#8220;off&#8220; button_one_bg_color__hover_enabled=&#8220;off&#8220; button_two_bg_color__hover_enabled=&#8220;off&#8220;]Z\u00f6gere nicht und melde dich bei einer unserer Gruppen. Wir freuen uns auf dich!<br \/>\n[\/et_pb_cta][\/et_pb_column][\/et_pb_row][\/et_pb_section]<\/p>\n","protected":false},"excerpt":{"rendered":"<p>Trainingsangebot Das Basistraining der Leichtathletikgruppe findet in altersgetrennten Gruppen jeweils dienstags statt. Aktuell unterscheiden wir folgende Gruppen: LA Starters (U10, Jg. 2017 und j\u00fcnger) LA-Gruppe 1 (U12, Jg. 2015\/2016) LA-Gruppe 2 (U14\/U16, Jg. 2011 &#8211; 2014) LA-Gruppe 3 (U18+, Jg. 2010 und \u00e4lter) Erg\u00e4nzend werden je nach Jahrgang und Ambition Zusatztrainings angeboten (Wettkampf- resp. F\u00f6rdergruppe). [&hellip;]<\/p>\n","protected":false},"author":1,"featured_media":0,"parent":0,"menu_order":0,"comment_status":"closed","ping_status":"closed","template":"","meta":{"_et_pb_use_builder":"on","_et_pb_old_content":"","_et_gb_content_width":"","ngg_post_thumbnail":0,"jetpack_post_was_ever_published":false,"footnotes":""},"class_list":["post-4376","page","type-page","status-publish","hentry"],"yoast_head":"<!-- This site is optimized with the Yoast SEO plugin v25.1 - https:\/\/yoast.com\/wordpress\/plugins\/seo\/ -->\n<title>Trainings LA - Turnverein Bolligen<\/title>\n<meta name=\"robots\" content=\"index, follow, max-snippet:-1, max-image-preview:large, max-video-preview:-1\" \/>\n<link rel=\"canonical\" href=\"https:\/\/www.tvbolligen.ch\/site\/trainings\/\" \/>\n<meta property=\"og:locale\" content=\"de_DE\" \/>\n<meta property=\"og:type\" content=\"article\" \/>\n<meta property=\"og:title\" content=\"Trainings LA - Turnverein Bolligen\" \/>\n<meta property=\"og:description\" content=\"Trainingsangebot Das Basistraining der Leichtathletikgruppe findet in altersgetrennten Gruppen jeweils dienstags statt. Aktuell unterscheiden wir folgende Gruppen: LA Starters (U10, Jg. 2017 und j\u00fcnger) LA-Gruppe 1 (U12, Jg. 2015\/2016) LA-Gruppe 2 (U14\/U16, Jg. 2011 - 2014) LA-Gruppe 3 (U18+, Jg. 2010 und \u00e4lter) Erg\u00e4nzend werden je nach Jahrgang und Ambition Zusatztrainings angeboten (Wettkampf- resp. F\u00f6rdergruppe). [&hellip;]\" \/>\n<meta property=\"og:url\" content=\"https:\/\/www.tvbolligen.ch\/site\/trainings\/\" \/>\n<meta property=\"og:site_name\" content=\"Turnverein Bolligen\" \/>\n<meta property=\"article:modified_time\" content=\"2025-10-27T15:12:57+00:00\" \/>\n<meta name=\"twitter:card\" content=\"summary_large_image\" \/>\n<meta name=\"twitter:label1\" content=\"Gesch\u00e4tzte Lesezeit\" \/>\n\t<meta name=\"twitter:data1\" content=\"7\u00a0Minuten\" \/>\n<script type=\"application\/ld+json\" class=\"yoast-schema-graph\">{\"@context\":\"https:\/\/schema.org\",\"@graph\":[{\"@type\":\"WebPage\",\"@id\":\"https:\/\/www.tvbolligen.ch\/site\/trainings\/\",\"url\":\"https:\/\/www.tvbolligen.ch\/site\/trainings\/\",\"name\":\"Trainings LA - Turnverein Bolligen\",\"isPartOf\":{\"@id\":\"https:\/\/www.tvbolligen.ch\/site\/#website\"},\"datePublished\":\"2016-01-27T13:26:11+00:00\",\"dateModified\":\"2025-10-27T15:12:57+00:00\",\"breadcrumb\":{\"@id\":\"https:\/\/www.tvbolligen.ch\/site\/trainings\/#breadcrumb\"},\"inLanguage\":\"de\",\"potentialAction\":[{\"@type\":\"ReadAction\",\"target\":[\"https:\/\/www.tvbolligen.ch\/site\/trainings\/\"]}]},{\"@type\":\"BreadcrumbList\",\"@id\":\"https:\/\/www.tvbolligen.ch\/site\/trainings\/#breadcrumb\",\"itemListElement\":[{\"@type\":\"ListItem\",\"position\":1,\"name\":\"Home\",\"item\":\"https:\/\/www.tvbolligen.ch\/site\/\"},{\"@type\":\"ListItem\",\"position\":2,\"name\":\"Trainings LA\"}]},{\"@type\":\"WebSite\",\"@id\":\"https:\/\/www.tvbolligen.ch\/site\/#website\",\"url\":\"https:\/\/www.tvbolligen.ch\/site\/\",\"name\":\"Turnverein Bolligen\",\"description\":\"Sport f\u00fcr Jung und Alt in Bolligen\",\"publisher\":{\"@id\":\"https:\/\/www.tvbolligen.ch\/site\/#organization\"},\"potentialAction\":[{\"@type\":\"SearchAction\",\"target\":{\"@type\":\"EntryPoint\",\"urlTemplate\":\"https:\/\/www.tvbolligen.ch\/site\/?s={search_term_string}\"},\"query-input\":{\"@type\":\"PropertyValueSpecification\",\"valueRequired\":true,\"valueName\":\"search_term_string\"}}],\"inLanguage\":\"de\"},{\"@type\":\"Organization\",\"@id\":\"https:\/\/www.tvbolligen.ch\/site\/#organization\",\"name\":\"Turnverein Bolligen\",\"url\":\"https:\/\/www.tvbolligen.ch\/site\/\",\"logo\":{\"@type\":\"ImageObject\",\"inLanguage\":\"de\",\"@id\":\"https:\/\/www.tvbolligen.ch\/site\/#\/schema\/logo\/image\/\",\"url\":\"https:\/\/i0.wp.com\/www.tvbolligen.ch\/site\/wp-content\/uploads\/2015\/12\/Logo_TV_mittel.png?fit=1000%2C303&ssl=1\",\"contentUrl\":\"https:\/\/i0.wp.com\/www.tvbolligen.ch\/site\/wp-content\/uploads\/2015\/12\/Logo_TV_mittel.png?fit=1000%2C303&ssl=1\",\"width\":1000,\"height\":303,\"caption\":\"Turnverein Bolligen\"},\"image\":{\"@id\":\"https:\/\/www.tvbolligen.ch\/site\/#\/schema\/logo\/image\/\"}}]}<\/script>\n<!-- \/ Yoast SEO plugin. -->","yoast_head_json":{"title":"Trainings LA - Turnverein Bolligen","robots":{"index":"index","follow":"follow","max-snippet":"max-snippet:-1","max-image-preview":"max-image-preview:large","max-video-preview":"max-video-preview:-1"},"canonical":"https:\/\/www.tvbolligen.ch\/site\/trainings\/","og_locale":"de_DE","og_type":"article","og_title":"Trainings LA - Turnverein Bolligen","og_description":"Trainingsangebot Das Basistraining der Leichtathletikgruppe findet in altersgetrennten Gruppen jeweils dienstags statt. Aktuell unterscheiden wir folgende Gruppen: LA Starters (U10, Jg. 2017 und j\u00fcnger) LA-Gruppe 1 (U12, Jg. 2015\/2016) LA-Gruppe 2 (U14\/U16, Jg. 2011 - 2014) LA-Gruppe 3 (U18+, Jg. 2010 und \u00e4lter) Erg\u00e4nzend werden je nach Jahrgang und Ambition Zusatztrainings angeboten (Wettkampf- resp. F\u00f6rdergruppe). [&hellip;]","og_url":"https:\/\/www.tvbolligen.ch\/site\/trainings\/","og_site_name":"Turnverein Bolligen","article_modified_time":"2025-10-27T15:12:57+00:00","twitter_card":"summary_large_image","twitter_misc":{"Gesch\u00e4tzte Lesezeit":"7\u00a0Minuten"},"schema":{"@context":"https:\/\/schema.org","@graph":[{"@type":"WebPage","@id":"https:\/\/www.tvbolligen.ch\/site\/trainings\/","url":"https:\/\/www.tvbolligen.ch\/site\/trainings\/","name":"Trainings LA - Turnverein Bolligen","isPartOf":{"@id":"https:\/\/www.tvbolligen.ch\/site\/#website"},"datePublished":"2016-01-27T13:26:11+00:00","dateModified":"2025-10-27T15:12:57+00:00","breadcrumb":{"@id":"https:\/\/www.tvbolligen.ch\/site\/trainings\/#breadcrumb"},"inLanguage":"de","potentialAction":[{"@type":"ReadAction","target":["https:\/\/www.tvbolligen.ch\/site\/trainings\/"]}]},{"@type":"BreadcrumbList","@id":"https:\/\/www.tvbolligen.ch\/site\/trainings\/#breadcrumb","itemListElement":[{"@type":"ListItem","position":1,"name":"Home","item":"https:\/\/www.tvbolligen.ch\/site\/"},{"@type":"ListItem","position":2,"name":"Trainings LA"}]},{"@type":"WebSite","@id":"https:\/\/www.tvbolligen.ch\/site\/#website","url":"https:\/\/www.tvbolligen.ch\/site\/","name":"Turnverein Bolligen","description":"Sport f\u00fcr Jung und Alt in Bolligen","publisher":{"@id":"https:\/\/www.tvbolligen.ch\/site\/#organization"},"potentialAction":[{"@type":"SearchAction","target":{"@type":"EntryPoint","urlTemplate":"https:\/\/www.tvbolligen.ch\/site\/?s={search_term_string}"},"query-input":{"@type":"PropertyValueSpecification","valueRequired":true,"valueName":"search_term_string"}}],"inLanguage":"de"},{"@type":"Organization","@id":"https:\/\/www.tvbolligen.ch\/site\/#organization","name":"Turnverein Bolligen","url":"https:\/\/www.tvbolligen.ch\/site\/","logo":{"@type":"ImageObject","inLanguage":"de","@id":"https:\/\/www.tvbolligen.ch\/site\/#\/schema\/logo\/image\/","url":"https:\/\/i0.wp.com\/www.tvbolligen.ch\/site\/wp-content\/uploads\/2015\/12\/Logo_TV_mittel.png?fit=1000%2C303&ssl=1","contentUrl":"https:\/\/i0.wp.com\/www.tvbolligen.ch\/site\/wp-content\/uploads\/2015\/12\/Logo_TV_mittel.png?fit=1000%2C303&ssl=1","width":1000,"height":303,"caption":"Turnverein Bolligen"},"image":{"@id":"https:\/\/www.tvbolligen.ch\/site\/#\/schema\/logo\/image\/"}}]}},"jetpack_sharing_enabled":true,"jetpack_shortlink":"https:\/\/wp.me\/P751GT-18A","_links":{"self":[{"href":"https:\/\/www.tvbolligen.ch\/site\/wp-json\/wp\/v2\/pages\/4376","targetHints":{"allow":["GET"]}}],"collection":[{"href":"https:\/\/www.tvbolligen.ch\/site\/wp-json\/wp\/v2\/pages"}],"about":[{"href":"https:\/\/www.tvbolligen.ch\/site\/wp-json\/wp\/v2\/types\/page"}],"author":[{"embeddable":true,"href":"https:\/\/www.tvbolligen.ch\/site\/wp-json\/wp\/v2\/users\/1"}],"replies":[{"embeddable":true,"href":"https:\/\/www.tvbolligen.ch\/site\/wp-json\/wp\/v2\/comments?post=4376"}],"version-history":[{"count":38,"href":"https:\/\/www.tvbolligen.ch\/site\/wp-json\/wp\/v2\/pages\/4376\/revisions"}],"predecessor-version":[{"id":25184,"href":"https:\/\/www.tvbolligen.ch\/site\/wp-json\/wp\/v2\/pages\/4376\/revisions\/25184"}],"wp:attachment":[{"href":"https:\/\/www.tvbolligen.ch\/site\/wp-json\/wp\/v2\/media?parent=4376"}],"curies":[{"name":"wp","href":"https:\/\/api.w.org\/{rel}","templated":true}]}}